{"id":6009,"date":"2024-04-05T10:25:20","date_gmt":"2024-04-05T08:25:20","guid":{"rendered":"https:\/\/simu.dk\/?page_id=6009"},"modified":"2024-08-12T14:43:49","modified_gmt":"2024-08-12T12:43:49","slug":"speed-2024","status":"publish","type":"page","link":"https:\/\/simu.dk\/index.php\/projekter\/speed-2024\/","title":{"rendered":"SPEED 2024"},"content":{"rendered":"\t\t<div data-elementor-type=\"wp-page\" data-elementor-id=\"6009\" class=\"elementor elementor-6009\">\n\t\t\t\t\t\t<section class=\"elementor-section elementor-top-section elementor-element elementor-element-fb264df elementor-section-boxed elementor-section-height-default elementor-section-height-default\" data-id=\"fb264df\" data-element_type=\"section\" data-e-type=\"section\">\n\t\t\t\t\t\t<div class=\"elementor-container elementor-column-gap-default\">\n\t\t\t\t\t<div class=\"elementor-column elementor-col-50 elementor-top-column elementor-element elementor-element-c51c0e1\" data-id=\"c51c0e1\" data-element_type=\"column\" data-e-type=\"column\">\n\t\t\t<div class=\"elementor-widget-wrap elementor-element-populated\">\n\t\t\t\t\t\t<div class=\"elementor-element elementor-element-ccaf5bb elementor-widget elementor-widget-heading\" data-id=\"ccaf5bb\" data-element_type=\"widget\" data-e-type=\"widget\" data-widget_type=\"heading.default\">\n\t\t\t\t<div class=\"elementor-widget-container\">\n\t\t\t\t\t<h2 class=\"elementor-heading-title elementor-size-default\">Structured Program for Enhancing Employability by\nDeveloping Future Ready Skills<\/h2>\t\t\t\t<\/div>\n\t\t\t\t<\/div>\n\t\t\t\t<div class=\"elementor-element elementor-element-a2f1e29 elementor-widget elementor-widget-text-editor\" data-id=\"a2f1e29\" data-element_type=\"widget\" data-e-type=\"widget\" data-widget_type=\"text-editor.default\">\n\t\t\t\t<div class=\"elementor-widget-container\">\n\t\t\t\t\t\t\t\t\t<p>SPEED digitale platform tilbyder l\u00e6ring via APPs. Det er udviklet som et praktisk v\u00e6rkt\u00f8j for Erhvervsskole-undervisere<\/p>\t\t\t\t\t\t\t\t<\/div>\n\t\t\t\t<\/div>\n\t\t\t\t<div class=\"elementor-element elementor-element-ea98357 elementor-widget-divider--view-line elementor-widget elementor-widget-divider\" data-id=\"ea98357\" data-element_type=\"widget\" data-e-type=\"widget\" data-widget_type=\"divider.default\">\n\t\t\t\t<div class=\"elementor-widget-container\">\n\t\t\t\t\t\t\t<div class=\"elementor-divider\">\n\t\t\t<span class=\"elementor-divider-separator\">\n\t\t\t\t\t\t<\/span>\n\t\t<\/div>\n\t\t\t\t\t\t<\/div>\n\t\t\t\t<\/div>\n\t\t\t\t<div class=\"elementor-element elementor-element-05e576b elementor-widget elementor-widget-text-editor\" data-id=\"05e576b\" data-element_type=\"widget\" data-e-type=\"widget\" data-widget_type=\"text-editor.default\">\n\t\t\t\t<div class=\"elementor-widget-container\">\n\t\t\t\t\t\t\t\t\t<p><strong>Project SPEED<\/strong>\u00a0har til hensigt at skabe en digital tr\u00e6ningsplatform baseret p\u00e5\u00a0<strong>mikroapps<\/strong>\u00a0inden for\u00a0<strong>Global Employability Master Skills<\/strong>. Dette projekt er udviklet gennem en skr\u00e6ddersyet ramme baseret p\u00e5 en intern unders\u00f8gelse blandt <strong>erhvervsskole-l\u00e6rere<\/strong>\u00a0ved\u00a0<strong>IBC. <\/strong><\/p><p>Form\u00e5let er at gavne <strong>Erhvervsskoleelever<\/strong>\u00a0ved at opbygge deres kompetencer og f\u00e6rdigheder, hvilket forbedrer deres besk\u00e6ftigelsesmuligheder p\u00e5 det europ\u00e6iske arbejdsmarked.<\/p><p><strong>SPEED\u2019s m\u00e5l<\/strong>\u00a0er at skabe\u00a0<strong>mikroindhold<\/strong>, der g\u00f8r Erhvervsskoleelever mere kompetente inden for <strong>tv\u00e6rg\u00e5ende f\u00e6rdigheder<\/strong>, hvilket \u00f8ger deres potentiale for besk\u00e6ftigelse gennem en erhvervsuddannelse, der proaktivt er afstemt med dynamiske jobmarkedskrav<\/p><p>\u00a0<\/p>\t\t\t\t\t\t\t\t<\/div>\n\t\t\t\t<\/div>\n\t\t\t\t\t<\/div>\n\t\t<\/div>\n\t\t\t\t<div class=\"elementor-column elementor-col-50 elementor-top-column elementor-element elementor-element-a0cde47\" data-id=\"a0cde47\" data-element_type=\"column\" data-e-type=\"column\">\n\t\t\t<div class=\"elementor-widget-wrap elementor-element-populated\">\n\t\t\t\t\t\t<div class=\"elementor-element elementor-element-26dd096 elementor-widget elementor-widget-image\" data-id=\"26dd096\" data-element_type=\"widget\" data-e-type=\"widget\" data-widget_type=\"image.default\">\n\t\t\t\t<div class=\"elementor-widget-container\">\n\t\t\t\t\t\t\t\t\t\t\t\t\t\t\t<img decoding=\"async\" width=\"300\" height=\"112\" src=\"https:\/\/simu.dk\/wp-content\/uploads\/2024\/04\/speed-2-lang-1-300x112.png\" class=\"attachment-medium size-medium wp-image-6017\" alt=\"\" srcset=\"https:\/\/simu.dk\/wp-content\/uploads\/2024\/04\/speed-2-lang-1-300x112.png 300w, https:\/\/simu.dk\/wp-content\/uploads\/2024\/04\/speed-2-lang-1-1024x383.png 1024w, https:\/\/simu.dk\/wp-content\/uploads\/2024\/04\/speed-2-lang-1-768x287.png 768w, https:\/\/simu.dk\/wp-content\/uploads\/2024\/04\/speed-2-lang-1.png 1129w\" sizes=\"(max-width: 300px) 100vw, 300px\" \/>\t\t\t\t\t\t\t\t\t\t\t\t\t\t\t<\/div>\n\t\t\t\t<\/div>\n\t\t\t\t<div class=\"elementor-element elementor-element-68b7c48 elementor-widget elementor-widget-image\" data-id=\"68b7c48\" data-element_type=\"widget\" data-e-type=\"widget\" data-widget_type=\"image.default\">\n\t\t\t\t<div class=\"elementor-widget-container\">\n\t\t\t\t\t\t\t\t\t\t\t\t\t\t\t<img fetchpriority=\"high\" decoding=\"async\" width=\"300\" height=\"279\" src=\"https:\/\/simu.dk\/wp-content\/uploads\/2024\/06\/DA-V-Medfinansieret-af-Den-Europaeiske-Union_POS-300x279.png\" class=\"attachment-medium size-medium wp-image-6243\" alt=\"\" srcset=\"https:\/\/simu.dk\/wp-content\/uploads\/2024\/06\/DA-V-Medfinansieret-af-Den-Europaeiske-Union_POS-300x279.png 300w, https:\/\/simu.dk\/wp-content\/uploads\/2024\/06\/DA-V-Medfinansieret-af-Den-Europaeiske-Union_POS-768x715.png 768w, https:\/\/simu.dk\/wp-content\/uploads\/2024\/06\/DA-V-Medfinansieret-af-Den-Europaeiske-Union_POS.png 991w\" sizes=\"(max-width: 300px) 100vw, 300px\" \/>\t\t\t\t\t\t\t\t\t\t\t\t\t\t\t<\/div>\n\t\t\t\t<\/div>\n\t\t\t\t\t<\/div>\n\t\t<\/div>\n\t\t\t\t\t<\/div>\n\t\t<\/section>\n\t\t\t\t<section class=\"elementor-section elementor-top-section elementor-element elementor-element-e4c9e1d elementor-section-boxed elementor-section-height-default elementor-section-height-default\" data-id=\"e4c9e1d\" data-element_type=\"section\" data-e-type=\"section\">\n\t\t\t\t\t\t<div class=\"elementor-container elementor-column-gap-default\">\n\t\t\t\t\t<div class=\"elementor-column elementor-col-100 elementor-top-column elementor-element elementor-element-8951522\" data-id=\"8951522\" data-element_type=\"column\" data-e-type=\"column\">\n\t\t\t<div class=\"elementor-widget-wrap elementor-element-populated\">\n\t\t\t\t\t\t<div class=\"elementor-element elementor-element-cb32898 elementor-widget-divider--view-line elementor-widget elementor-widget-divider\" data-id=\"cb32898\" data-element_type=\"widget\" data-e-type=\"widget\" data-widget_type=\"divider.default\">\n\t\t\t\t<div class=\"elementor-widget-container\">\n\t\t\t\t\t\t\t<div class=\"elementor-divider\">\n\t\t\t<span class=\"elementor-divider-separator\">\n\t\t\t\t\t\t<\/span>\n\t\t<\/div>\n\t\t\t\t\t\t<\/div>\n\t\t\t\t<\/div>\n\t\t\t\t<div class=\"elementor-element elementor-element-26f5e5a elementor-widget elementor-widget-heading\" data-id=\"26f5e5a\" data-element_type=\"widget\" data-e-type=\"widget\" data-widget_type=\"heading.default\">\n\t\t\t\t<div class=\"elementor-widget-container\">\n\t\t\t\t\t<h3 class=\"elementor-heading-title elementor-size-default\">M\u00e5lgruppe<\/h3>\t\t\t\t<\/div>\n\t\t\t\t<\/div>\n\t\t\t\t<div class=\"elementor-element elementor-element-d344303 elementor-widget elementor-widget-text-editor\" data-id=\"d344303\" data-element_type=\"widget\" data-e-type=\"widget\" data-widget_type=\"text-editor.default\">\n\t\t\t\t<div class=\"elementor-widget-container\">\n\t\t\t\t\t\t\t\t\t<p>M\u00e5lgruppen for SPEED projektet er Erhvervsskoler<\/p><p>Projektet er planlagt til 12 m\u00e5neder fra januar 2024 til december 2024<br \/>Hvor det herefter er planlagt at ans\u00f8ge om et nyt projekt i forl\u00e6ngelse som udvider konceptet samt antallet af partnere.<\/p>\t\t\t\t\t\t\t\t<\/div>\n\t\t\t\t<\/div>\n\t\t\t\t<div class=\"elementor-element elementor-element-9a6620d elementor-widget elementor-widget-spacer\" data-id=\"9a6620d\" data-element_type=\"widget\" data-e-type=\"widget\" data-widget_type=\"spacer.default\">\n\t\t\t\t<div class=\"elementor-widget-container\">\n\t\t\t\t\t\t\t<div class=\"elementor-spacer\">\n\t\t\t<div class=\"elementor-spacer-inner\"><\/div>\n\t\t<\/div>\n\t\t\t\t\t\t<\/div>\n\t\t\t\t<\/div>\n\t\t\t\t\t<\/div>\n\t\t<\/div>\n\t\t\t\t\t<\/div>\n\t\t<\/section>\n\t\t\t\t<section class=\"elementor-section elementor-top-section elementor-element elementor-element-2fdb7025 elementor-section-content-middle elementor-section-boxed elementor-section-height-default elementor-section-height-default\" data-id=\"2fdb7025\" data-element_type=\"section\" data-e-type=\"section\" data-settings=\"{&quot;background_background&quot;:&quot;gradient&quot;}\">\n\t\t\t\t\t\t<div class=\"elementor-container elementor-column-gap-default\">\n\t\t\t\t\t<div class=\"elementor-column elementor-col-100 elementor-top-column elementor-element elementor-element-371908e9\" data-id=\"371908e9\" data-element_type=\"column\" data-e-type=\"column\">\n\t\t\t<div class=\"elementor-widget-wrap elementor-element-populated\">\n\t\t\t\t\t\t<section class=\"elementor-section elementor-inner-section elementor-element elementor-element-4bd73682 elementor-section-content-middle elementor-section-boxed elementor-section-height-default elementor-section-height-default\" data-id=\"4bd73682\" data-element_type=\"section\" data-e-type=\"section\">\n\t\t\t\t\t\t<div class=\"elementor-container elementor-column-gap-default\">\n\t\t\t\t\t<div class=\"elementor-column elementor-col-33 elementor-inner-column elementor-element elementor-element-3a4268b9\" data-id=\"3a4268b9\" data-element_type=\"column\" data-e-type=\"column\">\n\t\t\t<div class=\"elementor-widget-wrap elementor-element-populated\">\n\t\t\t\t\t\t<div class=\"elementor-element elementor-element-2ef991d elementor-widget elementor-widget-image\" data-id=\"2ef991d\" data-element_type=\"widget\" data-e-type=\"widget\" data-widget_type=\"image.default\">\n\t\t\t\t<div class=\"elementor-widget-container\">\n\t\t\t\t\t\t\t\t\t\t\t\t\t\t\t<img decoding=\"async\" width=\"1024\" height=\"595\" src=\"https:\/\/simu.dk\/wp-content\/uploads\/2023\/09\/banner-1-simu-1024x595.jpg\" class=\"attachment-large size-large wp-image-5446\" alt=\"\" srcset=\"https:\/\/simu.dk\/wp-content\/uploads\/2023\/09\/banner-1-simu-1024x595.jpg 1024w, https:\/\/simu.dk\/wp-content\/uploads\/2023\/09\/banner-1-simu-300x174.jpg 300w, https:\/\/simu.dk\/wp-content\/uploads\/2023\/09\/banner-1-simu-768x446.jpg 768w, https:\/\/simu.dk\/wp-content\/uploads\/2023\/09\/banner-1-simu-1536x892.jpg 1536w, https:\/\/simu.dk\/wp-content\/uploads\/2023\/09\/banner-1-simu-1859x1080.jpg 1859w, https:\/\/simu.dk\/wp-content\/uploads\/2023\/09\/banner-1-simu.jpg 1900w\" sizes=\"(max-width: 1024px) 100vw, 1024px\" \/>\t\t\t\t\t\t\t\t\t\t\t\t\t\t\t<\/div>\n\t\t\t\t<\/div>\n\t\t\t\t\t<\/div>\n\t\t<\/div>\n\t\t\t\t<div class=\"elementor-column elementor-col-66 elementor-inner-column elementor-element elementor-element-375f5389\" data-id=\"375f5389\" data-element_type=\"column\" data-e-type=\"column\">\n\t\t\t<div class=\"elementor-widget-wrap elementor-element-populated\">\n\t\t\t\t\t\t<div class=\"elementor-element elementor-element-1c4c29de elementor-widget elementor-widget-spacer\" data-id=\"1c4c29de\" data-element_type=\"widget\" data-e-type=\"widget\" data-widget_type=\"spacer.default\">\n\t\t\t\t<div class=\"elementor-widget-container\">\n\t\t\t\t\t\t\t<div class=\"elementor-spacer\">\n\t\t\t<div class=\"elementor-spacer-inner\"><\/div>\n\t\t<\/div>\n\t\t\t\t\t\t<\/div>\n\t\t\t\t<\/div>\n\t\t\t\t<div class=\"elementor-element elementor-element-43a7cffe elementor-widget__width-initial elementor-widget elementor-widget-text-editor\" data-id=\"43a7cffe\" data-element_type=\"widget\" data-e-type=\"widget\" data-widget_type=\"text-editor.default\">\n\t\t\t\t<div class=\"elementor-widget-container\">\n\t\t\t\t\t\t\t\t\t<p><span style=\"font-size: 14.5pt; line-height: 107%; font-family: Roboto; color: #ffffff; background-image: initial; background-position: initial; background-size: initial; background-repeat: initial; background-attachment: initial; background-origin: initial; background-clip: initial;\">SPEED projektkonsortium omfatter projektkoordinatoren\u00a0<\/span><span style=\"color: #ffffff; font-family: Roboto; font-size: 19.3333px; font-weight: var( --e-global-typography-text-font-weight ); background-color: transparent;\">International Business College fra Danmark<\/span><span style=\"font-weight: var( --e-global-typography-text-font-weight ); background: transparent; font-size: 14.5pt; line-height: 107%; font-family: Roboto; color: #ffffff;\">, META-4 fra \u00d8strig og\u00a0<\/span><span style=\"font-weight: var( --e-global-typography-text-font-weight ); background-color: transparent; color: #ffffff; font-family: Roboto; font-size: 19.3333px;\">Obrtna Tehnicka Skola fra Kroatien<\/span><\/p>\t\t\t\t\t\t\t\t<\/div>\n\t\t\t\t<\/div>\n\t\t\t\t\t<\/div>\n\t\t<\/div>\n\t\t\t\t\t<\/div>\n\t\t<\/section>\n\t\t\t\t<section class=\"elementor-section elementor-inner-section elementor-element elementor-element-7ba2d210 elementor-section-boxed elementor-section-height-default elementor-section-height-default\" data-id=\"7ba2d210\" data-element_type=\"section\" data-e-type=\"section\">\n\t\t\t\t\t\t<div class=\"elementor-container elementor-column-gap-default\">\n\t\t\t\t\t<div class=\"elementor-column elementor-col-33 elementor-inner-column elementor-element elementor-element-76e22fba\" data-id=\"76e22fba\" data-element_type=\"column\" data-e-type=\"column\" data-settings=\"{&quot;background_background&quot;:&quot;classic&quot;}\">\n\t\t\t<div class=\"elementor-widget-wrap elementor-element-populated\">\n\t\t\t\t\t\t<div class=\"elementor-element elementor-element-c13ff85 elementor-widget elementor-widget-image\" data-id=\"c13ff85\" data-element_type=\"widget\" data-e-type=\"widget\" data-widget_type=\"image.default\">\n\t\t\t\t<div class=\"elementor-widget-container\">\n\t\t\t\t\t\t\t\t\t\t\t\t\t\t\t<img loading=\"lazy\" decoding=\"async\" width=\"283\" height=\"331\" src=\"https:\/\/simu.dk\/wp-content\/uploads\/2022\/06\/Logo-OTS-Croatia-kopier.jpg\" class=\"attachment-large size-large wp-image-4012\" alt=\"\" srcset=\"https:\/\/simu.dk\/wp-content\/uploads\/2022\/06\/Logo-OTS-Croatia-kopier.jpg 283w, https:\/\/simu.dk\/wp-content\/uploads\/2022\/06\/Logo-OTS-Croatia-kopier-256x300.jpg 256w\" sizes=\"(max-width: 283px) 100vw, 283px\" \/>\t\t\t\t\t\t\t\t\t\t\t\t\t\t\t<\/div>\n\t\t\t\t<\/div>\n\t\t\t\t\t<\/div>\n\t\t<\/div>\n\t\t\t\t<div class=\"elementor-column elementor-col-33 elementor-inner-column elementor-element elementor-element-7b0af9dd\" data-id=\"7b0af9dd\" data-element_type=\"column\" data-e-type=\"column\">\n\t\t\t<div class=\"elementor-widget-wrap elementor-element-populated\">\n\t\t\t\t\t\t<div class=\"elementor-element elementor-element-d8534d6 elementor-widget elementor-widget-image\" data-id=\"d8534d6\" data-element_type=\"widget\" data-e-type=\"widget\" data-widget_type=\"image.default\">\n\t\t\t\t<div class=\"elementor-widget-container\">\n\t\t\t\t\t\t\t\t\t\t\t\t\t\t\t<img loading=\"lazy\" decoding=\"async\" width=\"443\" height=\"380\" src=\"https:\/\/simu.dk\/wp-content\/uploads\/2022\/11\/ibc-logo.jpg\" class=\"attachment-large size-large wp-image-4237\" alt=\"\" srcset=\"https:\/\/simu.dk\/wp-content\/uploads\/2022\/11\/ibc-logo.jpg 443w, https:\/\/simu.dk\/wp-content\/uploads\/2022\/11\/ibc-logo-300x257.jpg 300w\" sizes=\"(max-width: 443px) 100vw, 443px\" \/>\t\t\t\t\t\t\t\t\t\t\t\t\t\t\t<\/div>\n\t\t\t\t<\/div>\n\t\t\t\t\t<\/div>\n\t\t<\/div>\n\t\t\t\t<div class=\"elementor-column elementor-col-33 elementor-inner-column elementor-element elementor-element-7936c77a\" data-id=\"7936c77a\" data-element_type=\"column\" data-e-type=\"column\">\n\t\t\t<div class=\"elementor-widget-wrap elementor-element-populated\">\n\t\t\t\t\t\t<div class=\"elementor-element elementor-element-fc8e902 elementor-widget elementor-widget-image\" data-id=\"fc8e902\" data-element_type=\"widget\" data-e-type=\"widget\" data-widget_type=\"image.default\">\n\t\t\t\t<div class=\"elementor-widget-container\">\n\t\t\t\t\t\t\t\t\t\t\t\t\t\t\t<img loading=\"lazy\" decoding=\"async\" width=\"443\" height=\"380\" src=\"https:\/\/simu.dk\/wp-content\/uploads\/2022\/11\/META-4.jpg\" class=\"attachment-large size-large wp-image-4238\" alt=\"\" srcset=\"https:\/\/simu.dk\/wp-content\/uploads\/2022\/11\/META-4.jpg 443w, https:\/\/simu.dk\/wp-content\/uploads\/2022\/11\/META-4-300x257.jpg 300w\" sizes=\"(max-width: 443px) 100vw, 443px\" \/>\t\t\t\t\t\t\t\t\t\t\t\t\t\t\t<\/div>\n\t\t\t\t<\/div>\n\t\t\t\t\t<\/div>\n\t\t<\/div>\n\t\t\t\t\t<\/div>\n\t\t<\/section>\n\t\t\t\t<section class=\"elementor-section elementor-inner-section elementor-element elementor-element-4af2af0 elementor-section-boxed elementor-section-height-default elementor-section-height-default\" data-id=\"4af2af0\" data-element_type=\"section\" data-e-type=\"section\">\n\t\t\t\t\t\t<div class=\"elementor-container elementor-column-gap-default\">\n\t\t\t\t\t<div class=\"elementor-column elementor-col-11 elementor-inner-column elementor-element elementor-element-643cdbd\" data-id=\"643cdbd\" data-element_type=\"column\" data-e-type=\"column\">\n\t\t\t<div class=\"elementor-widget-wrap elementor-element-populated\">\n\t\t\t\t\t\t<div class=\"elementor-element elementor-element-8391884 elementor-view-default elementor-widget elementor-widget-icon\" data-id=\"8391884\" data-element_type=\"widget\" data-e-type=\"widget\" data-widget_type=\"icon.default\">\n\t\t\t\t<div class=\"elementor-widget-container\">\n\t\t\t\t\t\t\t<div class=\"elementor-icon-wrapper\">\n\t\t\t<a class=\"elementor-icon\" href=\"https:\/\/www.facebook.com\/obrtnatehnicka\">\n\t\t\t<i aria-hidden=\"true\" class=\"fab fa-facebook-f\"><\/i>\t\t\t<\/a>\n\t\t<\/div>\n\t\t\t\t\t\t<\/div>\n\t\t\t\t<\/div>\n\t\t\t\t\t<\/div>\n\t\t<\/div>\n\t\t\t\t<div class=\"elementor-column elementor-col-11 elementor-inner-column elementor-element elementor-element-fd47646\" data-id=\"fd47646\" data-element_type=\"column\" data-e-type=\"column\">\n\t\t\t<div class=\"elementor-widget-wrap\">\n\t\t\t\t\t\t\t<\/div>\n\t\t<\/div>\n\t\t\t\t<div class=\"elementor-column elementor-col-11 elementor-inner-column elementor-element elementor-element-98af88c\" data-id=\"98af88c\" data-element_type=\"column\" data-e-type=\"column\">\n\t\t\t<div class=\"elementor-widget-wrap\">\n\t\t\t\t\t\t\t<\/div>\n\t\t<\/div>\n\t\t\t\t<div class=\"elementor-column elementor-col-11 elementor-inner-column elementor-element elementor-element-09926a6\" data-id=\"09926a6\" data-element_type=\"column\" data-e-type=\"column\">\n\t\t\t<div class=\"elementor-widget-wrap elementor-element-populated\">\n\t\t\t\t\t\t<div class=\"elementor-element elementor-element-d3be9f2 elementor-view-default elementor-widget elementor-widget-icon\" data-id=\"d3be9f2\" data-element_type=\"widget\" data-e-type=\"widget\" data-widget_type=\"icon.default\">\n\t\t\t\t<div class=\"elementor-widget-container\">\n\t\t\t\t\t\t\t<div class=\"elementor-icon-wrapper\">\n\t\t\t<a class=\"elementor-icon\" href=\"https:\/\/www.facebook.com\/simulearning\">\n\t\t\t<i aria-hidden=\"true\" class=\"fab fa-facebook-f\"><\/i>\t\t\t<\/a>\n\t\t<\/div>\n\t\t\t\t\t\t<\/div>\n\t\t\t\t<\/div>\n\t\t\t\t\t<\/div>\n\t\t<\/div>\n\t\t\t\t<div class=\"elementor-column elementor-col-11 elementor-inner-column elementor-element elementor-element-fd5eccc\" data-id=\"fd5eccc\" data-element_type=\"column\" data-e-type=\"column\">\n\t\t\t<div class=\"elementor-widget-wrap elementor-element-populated\">\n\t\t\t\t\t\t<div class=\"elementor-element elementor-element-f1a4f8f elementor-view-default elementor-widget elementor-widget-icon\" data-id=\"f1a4f8f\" data-element_type=\"widget\" data-e-type=\"widget\" data-widget_type=\"icon.default\">\n\t\t\t\t<div class=\"elementor-widget-container\">\n\t\t\t\t\t\t\t<div class=\"elementor-icon-wrapper\">\n\t\t\t<a class=\"elementor-icon\" href=\"https:\/\/www.linkedin.com\/in\/simu-learning-a98598220\/\">\n\t\t\t<i aria-hidden=\"true\" class=\"fab fa-linkedin-in\"><\/i>\t\t\t<\/a>\n\t\t<\/div>\n\t\t\t\t\t\t<\/div>\n\t\t\t\t<\/div>\n\t\t\t\t\t<\/div>\n\t\t<\/div>\n\t\t\t\t<div class=\"elementor-column elementor-col-11 elementor-inner-column elementor-element elementor-element-cf2777c\" data-id=\"cf2777c\" data-element_type=\"column\" data-e-type=\"column\">\n\t\t\t<div class=\"elementor-widget-wrap elementor-element-populated\">\n\t\t\t\t\t\t<div class=\"elementor-element elementor-element-d2f89b4 elementor-view-default elementor-widget elementor-widget-icon\" data-id=\"d2f89b4\" data-element_type=\"widget\" data-e-type=\"widget\" data-widget_type=\"icon.default\">\n\t\t\t\t<div class=\"elementor-widget-container\">\n\t\t\t\t\t\t\t<div class=\"elementor-icon-wrapper\">\n\t\t\t<a class=\"elementor-icon\" href=\"https:\/\/www.instagram.com\/simulearning\/\">\n\t\t\t<i aria-hidden=\"true\" class=\"fab fa-instagram\"><\/i>\t\t\t<\/a>\n\t\t<\/div>\n\t\t\t\t\t\t<\/div>\n\t\t\t\t<\/div>\n\t\t\t\t\t<\/div>\n\t\t<\/div>\n\t\t\t\t<div class=\"elementor-column elementor-col-11 elementor-inner-column elementor-element elementor-element-8f74078\" data-id=\"8f74078\" data-element_type=\"column\" data-e-type=\"column\">\n\t\t\t<div class=\"elementor-widget-wrap elementor-element-populated\">\n\t\t\t\t\t\t<div class=\"elementor-element elementor-element-ebebe60 elementor-view-default elementor-widget elementor-widget-icon\" data-id=\"ebebe60\" data-element_type=\"widget\" data-e-type=\"widget\" data-widget_type=\"icon.default\">\n\t\t\t\t<div class=\"elementor-widget-container\">\n\t\t\t\t\t\t\t<div class=\"elementor-icon-wrapper\">\n\t\t\t<a class=\"elementor-icon\" href=\"https:\/\/www.facebook.com\/profile.php?id=100085833895368\">\n\t\t\t<i aria-hidden=\"true\" class=\"fab fa-facebook-f\"><\/i>\t\t\t<\/a>\n\t\t<\/div>\n\t\t\t\t\t\t<\/div>\n\t\t\t\t<\/div>\n\t\t\t\t\t<\/div>\n\t\t<\/div>\n\t\t\t\t<div class=\"elementor-column elementor-col-11 elementor-inner-column elementor-element elementor-element-dffdf8e\" data-id=\"dffdf8e\" data-element_type=\"column\" data-e-type=\"column\">\n\t\t\t<div class=\"elementor-widget-wrap elementor-element-populated\">\n\t\t\t\t\t\t<div class=\"elementor-element elementor-element-850fe4d elementor-view-default elementor-widget elementor-widget-icon\" data-id=\"850fe4d\" data-element_type=\"widget\" data-e-type=\"widget\" data-widget_type=\"icon.default\">\n\t\t\t\t<div class=\"elementor-widget-container\">\n\t\t\t\t\t\t\t<div class=\"elementor-icon-wrapper\">\n\t\t\t<a class=\"elementor-icon\" href=\"https:\/\/www.linkedin.com\/company\/meta4-innovations\/\">\n\t\t\t<i aria-hidden=\"true\" class=\"fab fa-linkedin-in\"><\/i>\t\t\t<\/a>\n\t\t<\/div>\n\t\t\t\t\t\t<\/div>\n\t\t\t\t<\/div>\n\t\t\t\t\t<\/div>\n\t\t<\/div>\n\t\t\t\t<div class=\"elementor-column elementor-col-11 elementor-inner-column elementor-element elementor-element-db963e6\" data-id=\"db963e6\" data-element_type=\"column\" data-e-type=\"column\">\n\t\t\t<div class=\"elementor-widget-wrap\">\n\t\t\t\t\t\t\t<\/div>\n\t\t<\/div>\n\t\t\t\t\t<\/div>\n\t\t<\/section>\n\t\t\t\t\t<\/div>\n\t\t<\/div>\n\t\t\t\t\t<\/div>\n\t\t<\/section>\n\t\t\t\t<\/div>\n\t\t","protected":false},"excerpt":{"rendered":"<p>Structured Program for Enhancing Employability by Developing Future Ready Skills SPEED digitale platform tilbyder l\u00e6ring via APPs. Det er udviklet som et praktisk v\u00e6rkt\u00f8j for Erhvervsskole-undervisere Project SPEED\u00a0har til hensigt at skabe en digital tr\u00e6ningsplatform baseret p\u00e5\u00a0mikroapps\u00a0inden for\u00a0Global Employability Master Skills. Dette projekt er udviklet gennem en skr\u00e6ddersyet ramme baseret p\u00e5 en intern unders\u00f8gelse blandt&hellip; <br \/> <a class=\"read-more\" href=\"https:\/\/simu.dk\/index.php\/projekter\/speed-2024\/\">Read more<\/a><\/p>\n","protected":false},"author":123458,"featured_media":0,"parent":253,"menu_order":0,"comment_status":"closed","ping_status":"closed","template":"pro\/page-templates\/boxed-page-with-small-header.php","meta":{"footnotes":""},"class_list":["post-6009","page","type-page","status-publish","hentry"],"_links":{"self":[{"href":"https:\/\/simu.dk\/index.php\/wp-json\/wp\/v2\/pages\/6009","targetHints":{"allow":["GET"]}}],"collection":[{"href":"https:\/\/simu.dk\/index.php\/wp-json\/wp\/v2\/pages"}],"about":[{"href":"https:\/\/simu.dk\/index.php\/wp-json\/wp\/v2\/types\/page"}],"author":[{"embeddable":true,"href":"https:\/\/simu.dk\/index.php\/wp-json\/wp\/v2\/users\/123458"}],"replies":[{"embeddable":true,"href":"https:\/\/simu.dk\/index.php\/wp-json\/wp\/v2\/comments?post=6009"}],"version-history":[{"count":22,"href":"https:\/\/simu.dk\/index.php\/wp-json\/wp\/v2\/pages\/6009\/revisions"}],"predecessor-version":[{"id":6285,"href":"https:\/\/simu.dk\/index.php\/wp-json\/wp\/v2\/pages\/6009\/revisions\/6285"}],"up":[{"embeddable":true,"href":"https:\/\/simu.dk\/index.php\/wp-json\/wp\/v2\/pages\/253"}],"wp:attachment":[{"href":"https:\/\/simu.dk\/index.php\/wp-json\/wp\/v2\/media?parent=6009"}],"curies":[{"name":"wp","href":"https:\/\/api.w.org\/{rel}","templated":true}]}}