{"id":513,"date":"2021-10-04T10:25:41","date_gmt":"2021-10-04T08:25:41","guid":{"rendered":"http:\/\/172.16.10.129\/?page_id=513"},"modified":"2023-09-11T10:12:18","modified_gmt":"2023-09-11T08:12:18","slug":"vetcop-2017-2020","status":"publish","type":"page","link":"https:\/\/simu.dk\/index.php\/projekter\/vetcop-2017-2020\/","title":{"rendered":"VETCOP 2017-2020"},"content":{"rendered":"<div  data-label=\"Content\" data-id=\"content--1\" data-export-id=\"content-7\" data-category=\"content\" class=\"content-7 content-section content-section-spacing\" id=\"content-1\" style=\"background-color: rgb(255, 255, 255);\"><div  class=\"gridContainer\"> <div  class=\"row middle-sm\"><div  class=\"col-sm-6 space-bottom-xs\" data-type=\"column\"> <h2  class=\"\">PRACTICE ENTERPRISE COMMERCE AND TRADE PLATFORM<\/h2> <p  class=\"\">Et stort finansieringsprojekt til oprettelse af en <span  style=\"font-weight: 700;\">ny markedsplads og en bank <span  id=\"_mce_caret\" data-mce-bogus=\"1\" data-mce-type=\"format-caret\"><span  style=\"font-weight: 400;\">\ufeffi simulerede uddannelsesvirksomheder<\/span><\/span><\/span>.<br >\nMere end 7.000 uddannelsesvirksomheder har adgang til praktisk erfaring med <span  style=\"font-weight: 700;\">simuleret handel p\u00e5 international plan<\/span>. Dette betyder, at i stedet for kun at simulere handel igennem nationale sammenh\u00e6nge, vil VETCOP-platformen g\u00f8re det muligt for alle praktikvirksomheder at deltage i international handel.<\/p> <\/div> <div  class=\"col-sm-6\" data-type=\"column\"> <img  decoding=\"async\" class=\"shadow-large\" src=\"http:\/\/172.16.10.129\/wp-content\/uploads\/2021\/09\/cropped-VETCOP-Logo-2-1.png\" title=\"cropped-VETCOP-Logo-2-1.png\" alt=\"\"><img  decoding=\"async\" class=\"custom-image\" src=\"https:\/\/simu.dk\/wp-content\/uploads\/2021\/09\/VETCOP-Logo-2-1.png\" title=\"VETCOP-Logo-2\" alt=\"\"><\/div> <\/div><\/div> <\/div><div  data-label=\"Content\" data-id=\"content--7\" data-export-id=\"content-8\" data-category=\"content\" class=\"content-8 content-section content-section-spacing\" id=\"content-7\" style=\"background-color: rgb(245, 250, 253); background-image: none;\"><div  class=\"gridContainer\"> <div  class=\"row middle-sm\"><div  class=\"col-sm-6 space-bottom-xs space-top-xs\" data-type=\"column\"> <img  decoding=\"async\" class=\"custom-image\" src=\"https:\/\/simu.dk\/wp-content\/uploads\/2021\/09\/799px-Erasmus_Logo.svg_.png\" title=\"799px-Erasmus+_Logo.svg\" alt=\"\"><\/div> <div  class=\"col-sm-6\" data-type=\"column\"><h2  class=\"\">M\u00e5lgruppe<\/h2> <p  class=\"\">De mange nationale praktikvirksomheder i over 40 lande vil f\u00e5 adgang til den <span  style=\"font-weight: 700;\">online platform<\/span>, som bliver udviklet i projektet. Herigennem bliver der skabt mulighed for at l\u00e6re sig f\u00e6rdigheder indenfor international handel. Platformen vil v\u00e6re tilg\u00e6ngelig for alle praktikvirksomheder i <a data-mce-href=\"https:\/\/penworldwide.org\/\" href=\"https:\/\/penworldwide.org\" target=\"_blank\" rel=\"noopener\" data-mce-selected=\"inline-boundary\" data-cp-link=\"1\" class=\"\">PenWorldWide netv\u00e6rket.<\/a>\n<br ><br >L\u00e6s mere p\u00e5 PenWorldWides hjemmeside https:\/\/www.penworldwide.org\/project\/erasmus-plus-vetcop\/<\/p> <a class=\"button color1\" href=\"https:\/\/www.penworldwide.org\/project\/erasmus-plus-vetcop\" target=\"_self\" data-cp-link=\"1\" data-icon=\"\" rel=\"noopener\">L\u00e6s mere<\/a><\/div> <\/div><\/div> <\/div><div  data-label=\"Content\" data-id=\"content--3\" data-export-id=\"content-19\" data-category=\"content\" class=\"content-19 content-section content-section-spacing white-text\" id=\"content-3\"><div  class=\"gridContainer\"> <div  class=\"row\"><div  data-type=\"column\" class=\"col-sm-6 content-col text-center content-section-spacing shadow\"> <i  class=\"fa icon fa-bank big color1\"><\/i> <h2  class=\"font-300\">VETCOP \u2013 Bank<\/h2>  <p  class=\"\" style=\"text-align: left;\">Deltagere, der bruger platformen, kan foretage <span  style=\"font-weight: 700;\">realistiske betalinger<\/span> igennem det udviklede banksystem, der fungerer ved hj\u00e6lp af strukturer og regler fra virkeligheden.<\/p> <\/div> <div  class=\"col-sm-5 flexbox-strech center-xs middle-xs no-gutter-col\"><div  class=\"flexbox middle-xs center-xs right-img\" data-bg=\"image\" style=\"background-image: url(&quot;https:\/\/simu.dk\/wp-content\/uploads\/2021\/10\/cropped-bank.png&quot;);\"><\/div><\/div> <\/div><\/div> <\/div><div  data-label=\"Content\" data-id=\"content--4\" data-export-id=\"content-19-2\" data-category=\"content\" class=\"content-19-2 content-section content-section-spacing white-text\" id=\"content-4\"><div  class=\"gridContainer\"> <div  class=\"row\"><div  class=\"col-sm-5 flexbox-strech center-xs middle-xs no-gutter-col\"> <div  class=\"flexbox middle-xs center-xs right-img\" data-bg=\"image\" style=\"background-image: url(&quot;https:\/\/simu.dk\/wp-content\/uploads\/2021\/10\/markedsplads.png&quot;);\"><\/div><\/div> <div  data-type=\"column\" class=\"col-sm-6 content-col text-center content-section-spacing space-bottom-xs shadow\"><i  class=\"fa icon fa-shopping-cart big color1\"><\/i> <h2  class=\"font-300\">VETCOP \u2013 Markedsplads<\/h2>  <p  class=\"\" style=\"text-align: left;\">Deltagere, der bruger projektplatformen, kan k\u00f8be og s\u00e6lge varer og tjenester p\u00e5 den virtuelle markedsplads.\n<br ><br >\n<br >Mere end 7.000 uddannelsesvirksomheder har adgang til platformen. Der er dermed god mulighed for at \u00f8ve sig i og l\u00e6re om international handel.<\/p> <\/div> <\/div><\/div> <\/div><div  data-label=\"Content\" data-id=\"content--5\" data-export-id=\"content-9\" data-category=\"content\" class=\"content-9 content-section content-section-spacing\" id=\"content-5\" style=\"background-color: rgb(255, 255, 255);\"><div  class=\"gridContainer\"> <div  class=\"row text-center\"><div  class=\"section-title-col\" data-type=\"column\"> <h2  class=\"\">Partnere i projektet<\/h2> <\/div> <\/div> <div  class=\"row space-bottom text-center content-left-sm\" data-type=\"row\">  <div  class=\"col-sm-4 col-padding-small\"> <h4  class=\"\">International Business College<\/h4> <p  class=\"\">IBC er en af Danmarks 5 st\u00f8rste erhvervsuddannelsesudbydere.<br >\n<span  style=\"font-style: italic;\">SIMU Learning<\/span> er en afdeling af IBC. \n<br ><br ><span  style=\"font-style: italic;\">SIMU Learning<\/span> udvikler uddannelsesm\u00e6ssige online forretningssimuleringsprogrammer. <span  style=\"font-style: italic;\">SIMU Learning<\/span> systemer bruges over hele landet af praktikcentre (skoleopl\u00e6ringscentre), der \u00f8nsker at give de studerende en mere praksisorienteret uddannelse. Igennem <span  style=\"font-style: italic;\">SIMU<\/span>s program f\u00e5r eleverne mulighed for at forbinde de teoretiske studier med et realistisk forretningsdom\u00e6ne.<\/p><a class=\"button color1 round\" href=\"https:\/\/www.ibc.dk\" target=\"_blank\" data-cp-link=\"1\" data-icon=\"\" rel=\"noopener\">Website<\/a><\/div>  <div  class=\"col-sm-4 col-padding-small\"> <h4  class=\"\">Fundaci\u00f3n Inform (ES)<\/h4> <p  class=\"\">Fundacio inform er en spansk organisation med lokation i Catalonien, hvis m\u00e5l er at lede, koordinere og implementere forskellige&nbsp;undervisnings-programmer og projekter i det spanske uddannelsessystem. \n<br ><br >Deres vision er at s\u00f8ge efter og indf\u00f8re p\u00e6dagogiske v\u00e6rkt\u00f8jer, som kan forbinde undervisning med erhvervslivet. Indgangen til p\u00e6dagogikken er at muligg\u00f8re en virkelighedstro og praksisn\u00e6r undervisning igennem \u00f8velse\/ praktik som en del af uddannelsen.<\/p><a class=\"button color1 round\" href=\"https:\/\/www.inform.es\/en\" target=\"_blank\" data-cp-link=\"1\" data-icon=\"\" rel=\"noopener\">Website<\/a><\/div><div  class=\"col-sm-4 col-padding-small\"> <h4  class=\"\">REEP Euro Ent\u2019Ent (FR)<\/h4> <p  class=\"\">REEP Euro ENT\u2019ent. er en fransk non-profit organisation, der forbinder uddannelsescentre, gymnasier og institutioner, der bruger Praktikvirksomhedskonceptet i Frankrig.\n<br ><br >\n<br >Praktikvirksomheds-konceptetet blev udviklet i Frankrig for mere end 20 \u00e5r siden og er prim\u00e6rt rettet mod uddannelse af unge og voksne jobs\u00f8gende. Frankrig har siden oprettet mere end 250 praktikvirksomheder.&nbsp;\n<br ><\/p><a class=\"button color1 round\" href=\"https:\/\/www.reep.fr\" target=\"_blank\" data-cp-link=\"1\" data-icon=\"\" rel=\"noopener\">Website<\/a><\/div><div  class=\"col-sm-4 col-padding-small\"> <h4  class=\"\">Pen Worldwide<\/h4> <p  class=\"\">Pen Worldwide er en non-profit organisation, der koordinerer et internationalt netv\u00e6rk af praktik-virksomheder. Netv\u00e6rket best\u00e5r af 20 juridisk selvst\u00e6ndige nationale kontorer. Kontorerne omfatter tusindvis af praktikvirksomheder, der hvert \u00e5r uddanner flere tusinde erhvervsuddannelsesstuderende.<\/p><a class=\"button color1 round\" href=\"https:\/\/penworldwide.org\" target=\"_self\" data-cp-link=\"1\" data-icon=\"\" rel=\"noopener\">Website<\/a><\/div><\/div> <div  class=\"row center-xs middle-xs\"> <div  class=\"col-sm-12\" data-type=\"column\"> <img  decoding=\"async\" class=\"shadow-large\" src=\"http:\/\/172.16.10.129\/wp-content\/uploads\/2021\/09\/799px-Erasmus_Logo.svg_.png\" data-size=\"950x633\" title=\"799px-Erasmus+_Logo.svg\" alt=\"\"> <\/div><\/div> <\/div><\/div>","protected":false},"excerpt":{"rendered":"<p>PRACTICE ENTERPRISE COMMERCE AND TRADE PLATFORM Et stort finansieringsprojekt til oprettelse af en ny markedsplads og en bank \ufeffi simulerede uddannelsesvirksomheder. Mere end 7.000 uddannelsesvirksomheder har adgang til praktisk erfaring med simuleret handel p\u00e5 international plan. Dette betyder, at i stedet for kun at simulere handel igennem nationale sammenh\u00e6nge, vil VETCOP-platformen g\u00f8re det muligt for&hellip; <br \/> <a class=\"read-more\" href=\"https:\/\/simu.dk\/index.php\/projekter\/vetcop-2017-2020\/\">Read more<\/a><\/p>\n","protected":false},"author":123458,"featured_media":0,"parent":253,"menu_order":0,"comment_status":"closed","ping_status":"closed","template":"pro\/page-templates\/page-with-small-header.php","meta":{"footnotes":""},"class_list":["post-513","page","type-page","status-publish","hentry"],"_links":{"self":[{"href":"https:\/\/simu.dk\/index.php\/wp-json\/wp\/v2\/pages\/513","targetHints":{"allow":["GET"]}}],"collection":[{"href":"https:\/\/simu.dk\/index.php\/wp-json\/wp\/v2\/pages"}],"about":[{"href":"https:\/\/simu.dk\/index.php\/wp-json\/wp\/v2\/types\/page"}],"author":[{"embeddable":true,"href":"https:\/\/simu.dk\/index.php\/wp-json\/wp\/v2\/users\/123458"}],"replies":[{"embeddable":true,"href":"https:\/\/simu.dk\/index.php\/wp-json\/wp\/v2\/comments?post=513"}],"version-history":[{"count":5,"href":"https:\/\/simu.dk\/index.php\/wp-json\/wp\/v2\/pages\/513\/revisions"}],"predecessor-version":[{"id":5337,"href":"https:\/\/simu.dk\/index.php\/wp-json\/wp\/v2\/pages\/513\/revisions\/5337"}],"up":[{"embeddable":true,"href":"https:\/\/simu.dk\/index.php\/wp-json\/wp\/v2\/pages\/253"}],"wp:attachment":[{"href":"https:\/\/simu.dk\/index.php\/wp-json\/wp\/v2\/media?parent=513"}],"curies":[{"name":"wp","href":"https:\/\/api.w.org\/{rel}","templated":true}]}}