{"id":4016,"date":"2022-06-08T14:29:29","date_gmt":"2022-06-08T12:29:29","guid":{"rendered":"https:\/\/simu.dk\/?page_id=4016"},"modified":"2023-09-05T11:44:06","modified_gmt":"2023-09-05T09:44:06","slug":"multina-2022-2024","status":"publish","type":"page","link":"https:\/\/simu.dk\/index.php\/projekter\/multina-2022-2024\/","title":{"rendered":"MULTINA 2022-2024"},"content":{"rendered":"<div  data-label=\"About\" data-id=\"about--1\" data-export-id=\"about-4\" data-category=\"about\" class=\"about-4 content-section content-section-spacing\" id=\"about-1\" style=\"background-color: rgb(255, 255, 255);\"><div  class=\"gridContainer\"> <div  class=\"row middle-sm text-center\"><div  class=\"col-sm-5 space-bottom-xs\" data-type=\"column\">  <h2  class=\"\">INTERNATIONALISATION@HOME<\/h2> <p  class=\"\" style=\"text-align: left;\"><span style=\"font-weight: 400;\" >MULTINA projektet sigter mod at designe og udvikle en innovativ, fleksibel og inkluderende model af praktikvirksomhed<br >(ogs\u00e5 kaldet uddannelsesvirksomhed<span id=\"_mce_caret\" data-mce-bogus=\"1\" data-mce-type=\"format-caret\" >\ufeff).\n<\/span>\n<br ><br >I projektet vil vi udvikle multinationale uddannelsesvirksomheder for erhvervsuddannelsesstuderende. M\u00e5let med projektet er at skabe situationer, hvor studerende kan arbejde med <span style=\"font-style: italic;\" >internationalisation<\/span>@<span style=\"font-style: italic;\" >home<\/span><span id=\"_mce_caret\" data-mce-bogus=\"1\" data-mce-type=\"format-caret\" >&nbsp;dvs. l\u00e6re at agere i en <span style=\"font-weight: 700;\" >multinational uddannelsesvirksomhed<\/span> via et simuleret l\u00e6ringsmilj\u00f8.<\/span><\/span><\/p> <\/div> <div  class=\"col-sm-7 flexbox center-xs middle-xs image-group-2-img\"> <a data-cp-link=\"1\" href=\"https:\/\/simu.dk\/index.php\/projekter\/multina-2022-2024\" class=\"img-1-anchor\" target=\"_blank\" rel=\"noopener\"><img  decoding=\"async\" class=\"img-1 shadow-large\" data-size=\"250x200\" src=\"https:\/\/simu.dk\/wp-content\/uploads\/2022\/06\/MULTINA-Logo-Square.png\" title=\"MULTINA Logo Square\" alt=\"\"><\/a> <img  decoding=\"async\" class=\"img-2 shadow-large\" data-size=\"220x170\" src=\"https:\/\/simu.dk\/wp-content\/uploads\/2022\/09\/EN-Co-funded-by-the-EU_PANTONE-scaled.jpg\" title=\"EN Co-funded by the EU_PANTONE\" alt=\"\"><\/div> <\/div><\/div> <\/div><div  data-label=\"Content\" data-id=\"content--1\" data-export-id=\"content-17\" data-category=\"content\" class=\"content-17 content-section content-section-spacing\" id=\"content-1\" style=\"background-color: rgb(245, 250, 253);\"><div  class=\"gridContainer\"> <div  class=\"row middle-sm\"><div  class=\"col-sm-6 space-bottom-xs\" data-type=\"column\">  <h3  class=\"\">M\u00c5L<\/h3><p  class=\"\">Studerende vil arbejde og l\u00e6re sammen med j\u00e6vnaldrende fra andre lande, styrke internationalt samarbejde, sprog og digitale f\u00e6rdigheder i en live setting. Dermed f\u00e5r de en bedre forst\u00e5else af, hvordan et internationalt marked fungerer.\n<br ><br >\nDe <span style=\"font-style: italic;\" >multinationale uddannelsesvirksomheder<\/span> tilbyder virtuel mobilitetsmulighed for studerende. Igennem operationelle forbindelser med andre studerende i uddannelsesvirksomheder fra hele verden vil de opleve et <span style=\"font-style: italic;\" >realistisk multinationalt l\u00e6ringsmilj\u00f8<\/span>. \n<br ><br >Erhvervsuddannelsesinstitutioner blev udfordret i forhold til mobilitetsaktiviteter under covid-19 sundhedskrisen.  MULTINA projektet skaber et internationalt l\u00e6ringsmilj\u00f8, som er up\u00e5virket af eventuelle mobilitetsvanskeligheder som den n\u00e6vnte pandemi m.fl.<br >\nProjektets m\u00e5l er at udvikle et koncept for uddannelsesvirksomheder, som er up\u00e5virket af de n\u00e6vnte mobilitetsvanskeligheder, men som sikrer eleverne et <span style=\"font-weight: 700;\" >internationalt l\u00e6ringsmilj\u00f8<\/span>, som er trygt og realistisk. Kort sagt skaber det nye koncept en alternativ form for mobilitet og international l\u00e6ring med fleksibilitet og inklusion i sigte.<\/p> <\/div> <div  class=\"col-sm-6 flexbox around-xs top-xs space-top-xs space-bottom-xs\"><div  class=\"overlay-box flexbox middle-xs center-xs overlay-holder\"> <div  class=\"overlay-box-offset offset-background shadow-medium bg-color2 hide-xs\"><\/div> <img  decoding=\"async\" class=\"flexbox shadow-large img1\" data-size=\"500x500\" src=\"https:\/\/simu.dk\/wp-content\/uploads\/2022\/06\/MULTINA-Glyph.png\" title=\"MULTINA Glyph\" alt=\"\"><\/div> <\/div><\/div> <\/div><\/div><div  data-label=\"Content\" data-id=\"content--2\" data-export-id=\"content-18\" data-category=\"content\" class=\"content-18 content-section content-section-spacing\" id=\"content-2\" style=\"background-color: rgb(255, 255, 255);\"><div  class=\"gridContainer\"> <div  class=\"row middle-sm\"><div  class=\"col-sm-6 flexbox around-xs top-xs space-bottom-xs space-top-xs\"> <div  class=\"overlay-box flexbox middle-xs center-xs overlay-holder\"><div  class=\"overlay-box-offset offset-background shadow-medium bg-color2 hide-xs\"><\/div> <a data-cp-link=\"1\" href=\"https:\/\/simu.dk\/#internationale-projekter\" target=\"lightbox\" rel=\"noopener\"><img  decoding=\"async\" class=\"flexbox shadow-large img1\" data-size=\"500x500\" src=\"https:\/\/simu.dk\/wp-content\/uploads\/2023\/09\/cropped-group-of-people-connected.jpg\" title=\"cropped-group-of-people-connected.jpg\" alt=\"Connected global MULTINA practice enterprise\"><\/a><\/div> <\/div> <div  class=\"col-sm-6\" data-type=\"column\">  <h4  class=\"\">RESULTATER<\/h4><p  class=\"\" style=\"text-align: left;\">Hovedresultatet af MULTINA-projektet g\u00f8r det muligt for studerende at f\u00e5 indblik i international forretningsf\u00f8relse, international markedsf\u00f8ring og internationale love og regler igennem oprettelse af filialer af deres virksomheder sammen med erhvervsuddannelsesstuderende i et andet deltagende land. \n<br ><br >De vil opleve en <span style=\"font-style: italic;\" >simuleret virkelighed i det globale erhvervsliv<\/span>. Igennem den <span style=\"font-weight: 700;\" >multinationale uddannelsesvirksomhed<\/span> f\u00e5r eleven mulighed for live at opleve arbejdsbaseret samspil som aktiv medborger. De vil l\u00e6re at beg\u00e5 sig i en (model for) multinational virksomhed, hvor n\u00f8gleordene er:\n<br ><br ><br >&#8211; samarbejde\n<br >&#8211; innovation og \n<br >&#8211; inklusion i et globalt perspektiv.<\/p> <\/div> <\/div><\/div> <\/div><div  data-label=\"Team\" data-id=\"team--1\" data-export-id=\"team-2\" data-category=\"team\" class=\"team-2 content-section content-section-spacing\" id=\"team-1\" style=\"background-color: rgb(245, 250, 253);\"><div  class=\"gridContainer\"> <div  class=\"row text-center\"><div  class=\"section-title-col\" data-type=\"column\"> <h2  class=\"\">Vores konsortium<\/h2> <\/div> <\/div> <div  class=\"row spaced-cols content-center-sm\" data-type=\"row\"> <div  class=\"col-sm-6 col-md-3\"> <div  class=\"card y-move no-padding bordered\"> <img  decoding=\"async\" class=\"face\" src=\"https:\/\/simu.dk\/wp-content\/uploads\/2021\/10\/pen-logo-penapps.png\" title=\"pen logo penapps\" alt=\"\"> <div  data-type=\"column\" class=\"col-padding-small col-padding-small-xs description-container\"> <h4  class=\"font-500\">PEN WORLDWIDE<\/h4> <p  class=\"small\" style=\"font-style: italic;\">GERMANY<\/p> <div  class=\"social-icons-group\" data-type=\"group\"> <a href=\"#\" target=\"_self\" data-reiki-hidden=\"true\" rel=\"noopener\"><i  class=\"fa icon fa-facebook-square gray\"><\/i><\/a> <a href=\"#\" target=\"_self\" data-reiki-hidden=\"true\" rel=\"noopener\"><i  class=\"fa icon fa-twitter-square gray\"><\/i><\/a> <a href=\"#\" target=\"_self\" data-reiki-hidden=\"true\" rel=\"noopener\"><i  class=\"fa icon fa-linkedin-square gray\"><\/i><\/a> <a href=\"#\" target=\"_self\" data-reiki-hidden=\"true\" rel=\"noopener\"><i  class=\"fa icon fa-google-plus-square gray\"><\/i><\/a><\/div> <a class=\"button color1\" href=\"https:\/\/www.penworldwide.org\/project\/digiprac\" target=\"_blank\" data-cp-link=\"1\" data-icon=\"\" rel=\"noopener\">WEBSITE<\/a><\/div><\/div> <\/div> <div  class=\"col-sm-6 col-md-3\"> <div  class=\"card y-move no-padding bordered\"> <img  decoding=\"async\" class=\"face\" src=\"https:\/\/simu.dk\/wp-content\/uploads\/2021\/10\/cropped-reep-penapps.png\" title=\"cropped-reep-penapps.png\" alt=\"\"> <div  data-type=\"column\" class=\"col-padding-small col-padding-small-xs description-container\"> <h4  class=\"font-500\">REEP (FR)<\/h4> <p  class=\"small\" style=\"font-style: italic;\">France<\/p> <div  class=\"social-icons-group\" data-type=\"group\"> <a href=\"#\" target=\"_self\" data-reiki-hidden=\"true\" rel=\"noopener\"><i  class=\"fa icon fa-facebook-square gray\"><\/i><\/a> <a href=\"#\" target=\"_self\" data-reiki-hidden=\"true\" rel=\"noopener\"><i  class=\"fa icon fa-twitter-square gray\"><\/i><\/a> <a href=\"#\" target=\"_self\" data-reiki-hidden=\"true\" rel=\"noopener\"><i  class=\"fa icon fa-linkedin-square gray\"><\/i><\/a> <a href=\"#\" target=\"_self\" data-reiki-hidden=\"true\" rel=\"noopener\"><i  class=\"fa icon fa-google-plus-square gray\"><\/i><\/a><\/div> <a class=\"button color1\" href=\"https:\/\/www.reep.fr\" target=\"_blank\" data-cp-link=\"1\" data-icon=\"\" rel=\"noopener\">WEBSITE<\/a><\/div><\/div> <\/div> <div  class=\"col-sm-6 col-md-3\"> <div  class=\"card y-move no-padding bordered\"> <img  decoding=\"async\" class=\"face\" src=\"https:\/\/simu.dk\/wp-content\/uploads\/2022\/06\/sccf.png\" title=\"sccf\" alt=\"\"> <div  data-type=\"column\" class=\"col-padding-small col-padding-small-xs description-container\"> <h4  class=\"font-500\">\u0160IOV \u2013 SCCF (SL)<\/h4> <p  class=\"small\" style=\"font-style: italic;\">Slovenia<\/p> <div  class=\"social-icons-group\" data-type=\"group\"> <a href=\"#\" target=\"_self\" data-reiki-hidden=\"true\" rel=\"noopener\"><i  class=\"fa icon fa-facebook-square gray\"><\/i><\/a> <a href=\"#\" target=\"_self\" data-reiki-hidden=\"true\" rel=\"noopener\"><i  class=\"fa icon fa-twitter-square gray\"><\/i><\/a> <a href=\"#\" target=\"_self\" data-reiki-hidden=\"true\" rel=\"noopener\"><i  class=\"fa icon fa-linkedin-square gray\"><\/i><\/a> <a href=\"#\" target=\"_self\" data-reiki-hidden=\"true\" rel=\"noopener\"><i  class=\"fa icon fa-google-plus-square gray\"><\/i><\/a><\/div> <a class=\"button color1\" href=\"http:\/\/www.sccf.sk\" target=\"_self\" data-cp-link=\"1\" data-icon=\"\" rel=\"noopener\">WEBSITE<\/a><\/div><\/div> <\/div> <div  class=\"col-sm-6 col-md-3\"> <div  class=\"card y-move no-padding bordered\"> <img  decoding=\"async\" class=\"face\" src=\"https:\/\/simu.dk\/wp-content\/uploads\/2022\/06\/cropped-simulempressa.png\" title=\"cropped-simulempressa.png\" alt=\"\"> <div  data-type=\"column\" class=\"col-padding-small col-padding-small-xs description-container\"> <h4  class=\"font-500\">Simulempressa (IT)<span  id=\"_mce_caret\" data-mce-bogus=\"1\" data-mce-type=\"format-caret\"><span  style=\"font-style: italic;\">\ufeff<\/span><\/span><\/h4> <p  class=\"small\" style=\"font-style: italic;\">Italy<\/p> <div  class=\"social-icons-group\" data-type=\"group\"> <a href=\"#\" target=\"_self\" data-reiki-hidden=\"true\" rel=\"noopener\"><i  class=\"fa icon fa-facebook-square gray\"><\/i><\/a> <a href=\"#\" target=\"_self\" data-reiki-hidden=\"true\" rel=\"noopener\"><i  class=\"fa icon fa-twitter-square gray\"><\/i><\/a> <a href=\"#\" target=\"_self\" data-reiki-hidden=\"true\" rel=\"noopener\"><i  class=\"fa icon fa-linkedin-square gray\"><\/i><\/a> <a href=\"#\" target=\"_self\" data-reiki-hidden=\"true\" rel=\"noopener\"><i  class=\"fa icon fa-google-plus-square gray\"><\/i><\/a><\/div> <a class=\"button color1\" href=\"https:\/\/www.simulimpresa.com\" target=\"_blank\" data-cp-link=\"1\" data-icon=\"\" rel=\"noopener\">WEBSITE<\/a><\/div><\/div> <\/div>  <div  class=\"col-sm-6 col-md-3\"> <div  class=\"card y-move no-padding bordered\"> <img  decoding=\"async\" class=\"face\" src=\"https:\/\/simu.dk\/wp-content\/uploads\/2022\/02\/ibc.png\" title=\"ibc\" alt=\"\"> <div  data-type=\"column\" class=\"col-padding-small col-padding-small-xs description-container\"> <h4  class=\"font-500\">IBC<\/h4> <p  class=\"small\" style=\"font-style: italic;\">DENMARK<\/p> <div  class=\"social-icons-group\" data-type=\"group\"> <a href=\"#\" target=\"_self\" data-reiki-hidden=\"true\" rel=\"noopener\"><i  class=\"fa icon fa-facebook-square gray\"><\/i><\/a> <a href=\"#\" target=\"_self\" data-reiki-hidden=\"true\" rel=\"noopener\"><i  class=\"fa icon fa-twitter-square gray\"><\/i><\/a> <a href=\"#\" target=\"_self\" data-reiki-hidden=\"true\" rel=\"noopener\"><i  class=\"fa icon fa-linkedin-square gray\"><\/i><\/a> <a href=\"#\" target=\"_self\" rel=\"noopener\" data-reiki-hidden=\"true\"><i  class=\"fa icon fa-google-plus-square gray\"><\/i><\/a><\/div> <a class=\"button color1\" href=\"#\" target=\"_blank\" data-cp-link=\"1\" data-icon=\"\" rel=\"noopener\">WEBSITE<\/a><\/div><\/div> <\/div>  <\/div> <\/div><\/div><!-- Created with Elementor -->","protected":false},"excerpt":{"rendered":"<p>INTERNATIONALISATION@HOME MULTINA projektet sigter mod at designe og udvikle en innovativ, fleksibel og inkluderende model af praktikvirksomhed(ogs\u00e5 kaldet uddannelsesvirksomhed\ufeff). I projektet vil vi udvikle multinationale uddannelsesvirksomheder for erhvervsuddannelsesstuderende. M\u00e5let med projektet er at skabe situationer, hvor studerende kan arbejde med internationalisation@home&nbsp;dvs. l\u00e6re at agere i en multinational uddannelsesvirksomhed via et simuleret l\u00e6ringsmilj\u00f8. M\u00c5LStuderende vil arbejde&hellip; <br \/> <a class=\"read-more\" href=\"https:\/\/simu.dk\/index.php\/projekter\/multina-2022-2024\/\">Read more<\/a><\/p>\n","protected":false},"author":123458,"featured_media":0,"parent":253,"menu_order":0,"comment_status":"closed","ping_status":"closed","template":"pro\/page-templates\/page-with-small-header.php","meta":{"footnotes":""},"class_list":["post-4016","page","type-page","status-publish","hentry"],"_links":{"self":[{"href":"https:\/\/simu.dk\/index.php\/wp-json\/wp\/v2\/pages\/4016","targetHints":{"allow":["GET"]}}],"collection":[{"href":"https:\/\/simu.dk\/index.php\/wp-json\/wp\/v2\/pages"}],"about":[{"href":"https:\/\/simu.dk\/index.php\/wp-json\/wp\/v2\/types\/page"}],"author":[{"embeddable":true,"href":"https:\/\/simu.dk\/index.php\/wp-json\/wp\/v2\/users\/123458"}],"replies":[{"embeddable":true,"href":"https:\/\/simu.dk\/index.php\/wp-json\/wp\/v2\/comments?post=4016"}],"version-history":[{"count":16,"href":"https:\/\/simu.dk\/index.php\/wp-json\/wp\/v2\/pages\/4016\/revisions"}],"predecessor-version":[{"id":5222,"href":"https:\/\/simu.dk\/index.php\/wp-json\/wp\/v2\/pages\/4016\/revisions\/5222"}],"up":[{"embeddable":true,"href":"https:\/\/simu.dk\/index.php\/wp-json\/wp\/v2\/pages\/253"}],"wp:attachment":[{"href":"https:\/\/simu.dk\/index.php\/wp-json\/wp\/v2\/media?parent=4016"}],"curies":[{"name":"wp","href":"https:\/\/api.w.org\/{rel}","templated":true}]}}