{"id":217,"date":"2021-09-14T15:23:18","date_gmt":"2021-09-14T13:23:18","guid":{"rendered":"http:\/\/172.16.10.129\/index.php\/mesmerize\/"},"modified":"2024-10-02T11:32:12","modified_gmt":"2024-10-02T09:32:12","slug":"mesmerize","status":"publish","type":"page","link":"https:\/\/simu.dk\/","title":{"rendered":"Front Page"},"content":{"rendered":"<div  data-label=\"Om SIMU\" data-id=\"about--2\" data-export-id=\"about-1\" data-category=\"about\" class=\"about-1 content-section\" id=\"om-simu-1\" style=\"background-color: rgb(245, 250, 253);\"><div  class=\"gridContainer\"> <div  class=\"row text-center\"><div  class=\"section-title-col\" data-type=\"column\">  <h2  class=\"\">Velkommen til SIMU Learning<\/h2> <p  class=\"lead\"><span  style=\"font-style: italic;\">SIMU Learning<\/span> udvikler digitale undervisningsv\u00e6rkt\u00f8jer til erhvervsskoler og uddannelsesinstitutioner.<br ><br >\nVores vigtigste m\u00e5l er at give undervisere og elever v\u00e6rdifulde v\u00e6rkt\u00f8jer, der g\u00f8r undervisningen mere engagerende, virkelighedstro og hj\u00e6lper eleverne med at udvikle deres f\u00e6rdigheder. Vores innovative undervisningsl\u00f8sning til webbaserede l\u00e6ringsrum sikrer eleverne gode kompetencer i forhold til deres fremtidige karriere.\n<br ><br >\nVi har v\u00e6ret i branchen siden 1990 og arbejder konstant p\u00e5 at forbedre vores produkter og kundeservice. Vi er altid opdaterede om uddannelsesregler og de krav, erhvervslivet stiller til fremtidige medarbejdere.\n<br ><br ><br >Kontakt os og h\u00f8r n\u00e6rmere om samarbejdsmulighederne eller bestil demo af vores program.<\/p><\/div> <\/div> <div  class=\"row\"> <div  class=\"button-holder space-bottom space-bottom-small\" data-type=\"column\"> <a class=\"button color9\" href=\"#kontakt\" target=\"_self\" data-cp-link=\"1\" data-icon=\"\" rel=\"noopener\">Kontakt os<\/a><\/div> <div  class=\"col-xs bottom-xs flexbox image-group-bottom-3-img space-bottom-xs center-xs\"> <img  decoding=\"async\" class=\"left-img shadow-large-black\" data-size=\"500x300\" src=\"https:\/\/simu.dk\/wp-content\/uploads\/2021\/10\/startup-gfb4b8c782_1920.jpg\"> <a  data-cp-link=\"1\" href=\"#\" class=\"center-img-anchor\"><img  decoding=\"async\" class=\"center-img shadow-large-black\" data-size=\"500x300\" src=\"https:\/\/simu.dk\/wp-content\/uploads\/2021\/10\/office-g825b234f3_1920.jpg\" title=\"office-g825b234f3_1920\" alt=\"\"><\/a> <img  decoding=\"async\" class=\"right-img shadow-large-black\" data-size=\"500x300\" src=\"https:\/\/simu.dk\/wp-content\/uploads\/2021\/10\/meeting-ge767c16a8_1920.jpg\"><\/div> <\/div><\/div> <\/div><div  id=\"simu-trade\" style=\"background-color: rgb(255, 255, 255); background-image: none;\" data-label=\"SIMU Trade\" data-id=\"content-2\" data-export-id=\"content-2\" data-category=\"content\" class=\"content-2 content-section content-section-spacing\"><div > <div  class=\"row middle-xs\"><div  class=\"col-sm-5 bg-image shadow-large-black\" data-bg=\"image\" style=\"background-image: url(&quot;https:\/\/simu.dk\/wp-content\/uploads\/2023\/09\/e-commerce-blaa.png-ny.png&quot;);\"><\/div> <div  class=\"col-sm-7 full-col-left-padding full-col-right-padding\"> <div  class=\"row\"> <div  data-type=\"column\" class=\"space-bottom-small content-title-col\">  <h2  class=\"\">SIMU Trade<\/h2> <p  class=\"\">SIMU Trade er udviklet af SIMU Learning med hj\u00e6lp fra en forsker i didaktisk design. \n<br ><br >Den bagvedliggende grundtanke har v\u00e6ret: Hvordan udvikler man software der fremmer l\u00e6ringen p\u00e5 bedst mulige m\u00e5de. Den er udviklet med det form\u00e5l at fremme de faglige, sociale samt personlige kompetencer, som er vigtige i en virksomhed.<\/p><\/div> <\/div> <div  class=\"row spaced-cols \" data-type=\"row\"> <div  class=\"col-xs-6\" data-type=\"column\"> <h5  class=\"\">Faglige kompetencer<\/h5> <p  class=\"\">Med <span  style=\"font-style: italic;\">SIMU Trade<\/span> f\u00e5r du bl.a. kompetencer inden for:<br >\u00f8konomi\n<br >salg og service\n<br >forretningsplanl\u00e6gning\n<br >kritisk t\u00e6nkning\n<br >samt b\u00e6redygtighed<\/p><\/div> <div  class=\"col-xs-6\" data-type=\"column\"><h5  class=\"\">Sociale kompetencer<\/h5> <p  class=\"\">F\u00f8lgende sociale kompetencer bliver udviklet og \u00f8vet:<br >kommunikation\n<br >samarbejde\n<br >lederskab samt \n<br >relationer internt og eksternt<\/p><\/div> <div  class=\"col-xs-6\" data-type=\"column\"><h5  class=\"\">Personlige kompetencer<\/h5> <p  class=\"\">Som elev i <span  style=\"font-style: italic;\">SIMU Trade<\/span> programmet, f\u00e5r du lov at \u00f8ve dig med mange af de opgaver, man m\u00f8der i en virksomhed. Derigennem bliver du:\n<br >robust\n<br >ansvarlig\n<br >engageret og\n<br >m\u00e5lrettet<\/p><\/div> <div  class=\"col-xs-6\" data-type=\"column\"><h5  class=\"\">Bestil demo<\/h5> <p  class=\"\">Hvis i \u00f8nsker en demonstration af SIMU Trade kan klikke her<\/p><a class=\"button color9\" href=\"#kontakt\" target=\"_self\" data-cp-link=\"1\" data-icon=\"\" rel=\"noopener\">Bestil demo<\/a><\/div> <\/div><\/div> <\/div><\/div> <\/div><div  data-label=\"PEN WORLDWIDE\" data-id=\"about--3\" data-export-id=\"about-9\" data-category=\"about\" class=\"about-9 content-section content-section-spacing\" id=\"pen-worldwide\" style=\"background-color: rgb(245, 250, 253); background-image: none;\"><div  class=\"gridContainer\"> <div  class=\"row middle-sm text-center\"><div  class=\"col-sm-5 space-bottom-xs content-column content-right-sm\" data-type=\"column\">  <h2  class=\"\" style=\"text-align: left;\">PEN Worldwide<\/h2> <p  class=\"\" style=\"text-align: left;\"><span  style=\"font-weight: 700;\">Practice Enterprise Netv\u00e6rket<\/span> blev etableret i 1993 i Essen, Tyskland som et EU-finansieret projekt.\n<br ><br >Siden 1997 er netv\u00e6rket blevet drevet af non-profit foreningen <span  style=\"font-weight: 700;\">PEN WORLDWIDE<\/span>. Denne organisation var SIMU Learning med til at opstarte.<br ><br >\nM\u00e5let med det internationale netv\u00e6rk er at hj\u00e6lpe uddannelsesinstitutioner i medlemslande med at tilbyde uddannelse i forretnings- og iv\u00e6rks\u00e6tterf\u00e6rdigheder.<br ><br >Simulationsbaseret l\u00e6ring igennem oprettelse af uddannelsesvirksomheder er en m\u00e5de at g\u00f8re det p\u00e5.\n<br ><br >\nSIMU L\u00e6ring, IBC, har v\u00e6ret medlem af netv\u00e6rket lige siden begyndelsen i 1993.<br ><br >L\u00e6s mere om netv\u00e6rkets sp\u00e6ndende arbejde ved at klikke p\u00e5 linket herunder.<\/p> <a class=\"button color9\" href=\"https:\/\/www.penworldwide.org\" target=\"_self\" data-cp-link=\"1\" data-icon=\"\" rel=\"noopener\">Webside<\/a><img decoding=\"async\"  class=\"custom-image\" src=\"https:\/\/simu.dk\/wp-content\/uploads\/2024\/10\/PEN-Worldwide-Founding-Member-of-Logo-transparent-background-png.png\" title=\"PEN Worldwide Founding Member of Logo - transparent background png\" alt=\"\"><\/div> <div  class=\"col-sm-7 flexbox flexbox middle-xs center-xs space-bottom-xs\"><div  class=\"overlay-box flexbox middle-xs center-xs overlay-holder \"> <div  class=\"overlay-box-offset offset-background shadow-medium bg-color2 hide-xs\"><\/div> <a data-cp-link=\"1\" href=\"#\" target=\"_self\" rel=\"noopener\"><img  decoding=\"async\" class=\"flexbox shadow-large img1\" src=\"https:\/\/simu.dk\/wp-content\/uploads\/2021\/09\/cropped-cropped-cropped-pen-1.png\" data-size=\"600x400\"><\/a><\/div> <\/div><\/div> <\/div><\/div><div  data-label=\"Projekter\" data-id=\"clients--1\" data-export-id=\"clients-2\" data-category=\"clients\" class=\"clients-2 content-section content-section-spacing\" id=\"projekter\" style=\"background-color: rgb(255, 255, 255); background-image: none;\"><div  class=\"gridContainer\"> <div  class=\"row\"><div  class=\"section-title-col\" data-type=\"column\"> <h2  class=\"font-700\">Internationale projekter<\/h2> <\/div> <\/div> <div  class=\"row center-xs spaced-cols padding-lr\" data-type=\"row\"> <div  class=\"col-xs-6 col-sm-3\"> <a data-cp-link=\"1\" href=\"https:\/\/simu.dk\/index.php\/projekter\/joinus-2022-2023\" class=\"\" target=\"_blank\" rel=\"noopener\"><img  decoding=\"async\" src=\"https:\/\/simu.dk\/wp-content\/uploads\/2022\/04\/cropped-cropped-joinus-lille.png\" class=\"\" title=\"cropped-cropped-joinus-lille.png\" alt=\"\"><\/a><\/div> <div  class=\"col-xs-6 col-sm-3\"> <a data-cp-link=\"1\" href=\"https:\/\/simu.dk\/index.php\/projekter\/vetcop-2017-2020\" class=\"\" target=\"_blank\" rel=\"noopener\"><img  decoding=\"async\" src=\"https:\/\/simu.dk\/wp-content\/uploads\/2020\/02\/VETCOP-Logo-til-simu-e1593005921863.png\" class=\"\" title=\"hotsapp\" alt=\"\"><\/a><\/div> <div  class=\"col-xs-6 col-sm-3\"> <a data-cp-link=\"1\" href=\"https:\/\/simu.dk\/index.php\/projekter\/penapp-2020-2022\" class=\"\" target=\"_blank\" rel=\"noopener\"><img  decoding=\"async\" src=\"https:\/\/simu.dk\/wp-content\/uploads\/2021\/09\/cropped-cropped-penapps-2-2.png\" class=\"\" title=\"cropped-cropped-penapps-2-2.png\" alt=\"\"><\/a><\/div> <div  class=\"col-xs-6 col-sm-3\"> <a data-cp-link=\"1\" href=\"https:\/\/simu.dk\/index.php\/projekter\/speed-2024\" class=\"\" target=\"_blank\" rel=\"noopener\"><img  decoding=\"async\" src=\"https:\/\/simu.dk\/wp-content\/uploads\/2024\/04\/cropped-speed.jpg\" class=\"\" title=\"I-DONT-KNOW-Logo-893x1024\" alt=\"\"><\/a><\/div> <div  class=\"col-xs-6 col-sm-3\"> <a data-cp-link=\"1\" href=\"https:\/\/simu.dk\/index.php\/projekter\/multina-2022-2024\" class=\"\" target=\"_blank\" rel=\"noopener\"><img  decoding=\"async\" src=\"https:\/\/simu.dk\/wp-content\/uploads\/2022\/06\/MULTINA-Logo-Square-mindre-1.png\" class=\"\" title=\"MULTINA Logo Square mindre\" alt=\"\"><\/a><\/div><div  class=\"col-xs-6 col-sm-3\"> <a data-cp-link=\"1\" href=\"https:\/\/simu.dk\/index.php\/projekter\/DIGIPRAC-2021-2023\" class=\"\" target=\"_blank\" rel=\"noopener\"><img  decoding=\"async\" src=\"https:\/\/simu.dk\/wp-content\/uploads\/2022\/02\/DIGIPRAC-Square.png\" class=\"\" title=\"DIGIPRAC Square\" alt=\"\"><\/a><\/div><div  class=\"col-xs-6 col-sm-3\"> <a data-cp-link=\"1\" href=\"https:\/\/simu.dk\/index.php\/HOTSAPP\" class=\"\" target=\"_blank\" rel=\"noopener\"><img  decoding=\"async\" src=\"https:\/\/simu.dk\/wp-content\/uploads\/2024\/04\/hotsapp.jpg\" class=\"\" title=\"hotsapp\" alt=\"\"><\/a><\/div><div  class=\"col-xs-6 col-sm-3\"> <a data-cp-link=\"1\" href=\"https:\/\/simu.dk\/index.php\/projekter\/i-dont-know-2020-2022\" class=\"\" target=\"_blank\" rel=\"noopener\"><img  decoding=\"async\" src=\"https:\/\/simu.dk\/wp-content\/uploads\/2024\/04\/idontknow.jpg\" class=\"\" title=\"idontknow\" alt=\"\"><\/a><\/div><div  class=\"col-xs-6 col-sm-3\"> <\/div><\/div><\/div> <\/div><div  data-label=\"Koncept\" data-id=\"content--4\" data-export-id=\"content-7\" data-category=\"content\" class=\"content-7 content-section content-section-spacing\" id=\"koncept-1\" style=\"background-color: rgb(245, 250, 253); background-image: none;\"><div  class=\"gridContainer\"> <div  class=\"row middle-sm\"><div  class=\"col-sm-6 space-bottom-xs\" data-type=\"column\"> <h2  class=\"\">HVAD ER EN UDDANNELSESVIRKSOMHED?<\/h2> <p  class=\"\">En uddannelsesvirksomhed A Practice Enterprise (PE) er en elev-drevet virksomhed, der fungerer som en rigtig forretning. Det simulerer en rigtig virksomheds forretningsgange, produkter og tjenester. En uddannelsesvirksomhed ligner en rigtig virksomhed i sin form, organisation og funktion.<\/p> <a class=\"button color9\" href=\"https:\/\/simu.dk\/index.php\/praktikvirksomhed\" target=\"_self\" data-cp-link=\"1\" data-icon=\"\" rel=\"noopener\">L\u00e6s mere<\/a><\/div> <div  class=\"col-sm-6\" data-type=\"column\"><img  decoding=\"async\" class=\"custom-image\" src=\"https:\/\/simu.dk\/wp-content\/uploads\/2021\/10\/meeting-ge767c16a8_1920.jpg\" title=\"meeting-ge767c16a8_1920\" alt=\"\"> <\/div> <\/div><\/div> <\/div><div  data-label=\"Cta\" data-id=\"cta--1\" data-export-id=\"cta-centered-bg-section\" data-category=\"cta\" data-section-ov=\"1\" class=\"cta-centered-bg-section content-section content-section-spacing-medium white-text\" data-parallax-depth=\"20\" id=\"cta-1\" style=\"background-color: rgb(122, 122, 122); background-image: none;\"><div  class=\"gridContainer\"> <div  class=\"row text-center\"><div  data-type=\"column\" class=\"\"><p  class=\"\">SIMU Learning \u2013 Tvedvej 7 \u2013 6000 Kolding<br >\nLearning@simu.dk \u2013 Telefon: 7224 2042<br >\nTelefontid: mandag-torsdag 8.30  \u2013 15.00 fredag 8.30 \u2013 12.00<\/p>  <\/div> <\/div><\/div> <\/div><div  id=\"kontakt\" data-label=\"Kontakt\" data-id=\"contact-1\" data-export-id=\"contact-1\" data-category=\"contact\" class=\"contact-1 content-section content-section-spacing white-text\" data-parallax-depth=\"20\" style=\"background-size: cover; background-position: center top; background-color: rgb(0, 79, 149); background-image: url(&quot;https:\/\/simu.dk\/wp-content\/uploads\/2023\/09\/banner-2-simu.jpg&quot;);\" data-section-ov=\"1\"><div  class=\"gridContainer\"> <div  class=\"row text-center\"><div  class=\"section-title-col\" data-type=\"column\">  <\/div> <\/div> <div  class=\"row text-center\"> <div  class=\"col-xs-12 col-sm-8 col-sm-offset-2 contact-form-wrapper inline-info\"> <div  class=\"card large-padding\"> <div  class=\"\" data-content-shortcode=\"mesmerize_contact_form shortcode=&quot;everest_form id=&amp;amp;quot;2935&amp;amp;quot;&quot;\" data-editable=\"true\"><div class=\"everest-forms\"><div class=\"evf-container default\" id=\"evf-2935\"><form id=\"evf-form-2935\" class=\"everest-form\" data-formid=\"2935\" data-ajax_submission=\"0\" data-keyboard_friendly_form=\"0\" data-form_state_type=\"\" method=\"post\" enctype=\"multipart\/form-data\" action=\"\/index.php\/wp-json\/wp\/v2\/pages\/217\"><div class=\"evf-field-container\"><input type=\"hidden\" id=\"_wpnonce2935\" name=\"_wpnonce2935\" value=\"ba33821710\" \/><input type=\"hidden\" name=\"_wp_http_referer\" value=\"\/index.php\/wp-json\/wp\/v2\/pages\/217\" \/><div class=\"evf-frontend-row\" data-row=\"row_1\" conditional_rules=\"[]\"><div class=\"evf-frontend-grid evf-grid-1\" data-grid=\"grid_1\"><div id=\"evf-2935-field_ys0GeZISRs-1-container\" class=\"evf-field evf-field-first-name form-row validate-required\" data-required-field-message=\"This field is required.\" data-field-id=\"ys0GeZISRs-1\"><label class=\"evf-field-label\" for=\"evf-2935-field_ys0GeZISRs-1\"><span class=\"evf-label\">Navn<\/span> <abbr class=\"required\" title=\"Required\">*<\/abbr><\/label><input type=\"text\" id=\"evf-2935-field_ys0GeZISRs-1\" class=\"input-text\" name=\"everest_forms[form_fields][ys0GeZISRs-1]\" required><\/div><div id=\"evf-2935-field_ozniS2Pc7y-6-container\" class=\"evf-field evf-field-text form-row\" data-field-id=\"ozniS2Pc7y-6\"><label class=\"evf-field-label\" for=\"evf-2935-field_ozniS2Pc7y-6\"><span class=\"evf-label\">Institut<\/span> <\/label><input type=\"text\" id=\"evf-2935-field_ozniS2Pc7y-6\" class=\"input-text\" name=\"everest_forms[form_fields][ozniS2Pc7y-6]\" ><\/div><div id=\"evf-2935-field_LbH5NxasXM-2-container\" class=\"evf-field evf-field-email form-row validate-required validate-email\" data-required-field-message=\"Please enter a valid email address.\" data-field-id=\"LbH5NxasXM-2\"><label class=\"evf-field-label\" for=\"evf-2935-field_LbH5NxasXM-2\"><span class=\"evf-label\">Email<\/span> <abbr class=\"required\" title=\"Required\">*<\/abbr><\/label><input type=\"email\" id=\"evf-2935-field_LbH5NxasXM-2\" class=\"input-text\" name=\"everest_forms[form_fields][LbH5NxasXM-2]\" required ><\/div><div id=\"evf-2935-field_66FR384cge-3-container\" class=\"evf-field evf-field-text form-row\" data-field-id=\"66FR384cge-3\"><label class=\"evf-field-label\" for=\"evf-2935-field_66FR384cge-3\"><span class=\"evf-label\">Emne<\/span> <\/label><input type=\"text\" id=\"evf-2935-field_66FR384cge-3\" class=\"input-text\" name=\"everest_forms[form_fields][66FR384cge-3]\" ><\/div><div id=\"evf-2935-field_yhGx3FOwr2-4-container\" class=\"evf-field evf-field-textarea form-row\" data-field-id=\"yhGx3FOwr2-4\"><label class=\"evf-field-label\" for=\"evf-2935-field_yhGx3FOwr2-4\"><span class=\"evf-label\">Besked<\/span> <\/label><textarea id=\"evf-2935-field_yhGx3FOwr2-4\" class=\"input-text\" name=\"everest_forms[form_fields][yhGx3FOwr2-4]\"  ><\/textarea><\/div><\/div><\/div><\/div><div class=\"evf-honeypot-container evf-field-hp\"><label for=\"evf-2935-field-hp\" class=\"evf-field-label\">Comment<\/label><input type=\"text\" name=\"everest_forms[hp]\" id=\"evf-2935-field-hp\" class=\"input-text\"><\/div><div class=\"evf-recaptcha-container \" style=\"display:block\"><div class=\"g-recaptcha\" data-sitekey=\"b59f82cc-63f7-4142-ae4d-475de40b37a8\"><\/div><input type=\"text\" name=\"g-recaptcha-hidden\" class=\"evf-recaptcha-hidden\" style=\"position:absolute!important;clip:rect(0,0,0,0)!important;height:1px!important;width:1px!important;border:0!important;overflow:hidden!important;padding:0!important;margin:0!important;\" required><\/div><div class=\"evf-submit-container \" ><input type=\"hidden\" name=\"everest_forms[id]\" value=\"2935\"><input type=\"hidden\" name=\"everest_forms[author]\" value=\"123458\"><button type='submit' name='everest_forms[submit]' class='everest-forms-submit-button button evf-submit ' id='evf-submit-2935' value='evf-submit' data-process-text=\"Processing\u2026\" conditional_rules='&quot;&quot;' conditional_id='evf-submit-2935'  id=\"evf-submit-2935\" aria-live=\"assertive\">Send<\/button><\/div><\/form><\/div><!-- .evf-container --><\/div><\/div><\/div> <\/div><\/div> <\/div><\/div>","protected":false},"excerpt":{"rendered":"<p>Velkommen til SIMU Learning SIMU Learning udvikler digitale undervisningsv\u00e6rkt\u00f8jer til erhvervsskoler og uddannelsesinstitutioner. Vores vigtigste m\u00e5l er at give undervisere og elever v\u00e6rdifulde v\u00e6rkt\u00f8jer, der g\u00f8r undervisningen mere engagerende, virkelighedstro og hj\u00e6lper eleverne med at udvikle deres f\u00e6rdigheder. Vores innovative undervisningsl\u00f8sning til webbaserede l\u00e6ringsrum sikrer eleverne gode kompetencer i forhold til deres fremtidige karriere. Vi&hellip; <br \/> <a class=\"read-more\" href=\"https:\/\/simu.dk\/\">Read more<\/a><\/p>\n","protected":false},"author":123458,"featured_media":0,"parent":0,"menu_order":0,"comment_status":"closed","ping_status":"closed","template":"page-templates\/homepage.php","meta":{"footnotes":""},"class_list":["post-217","page","type-page","status-publish","hentry"],"_links":{"self":[{"href":"https:\/\/simu.dk\/index.php\/wp-json\/wp\/v2\/pages\/217","targetHints":{"allow":["GET"]}}],"collection":[{"href":"https:\/\/simu.dk\/index.php\/wp-json\/wp\/v2\/pages"}],"about":[{"href":"https:\/\/simu.dk\/index.php\/wp-json\/wp\/v2\/types\/page"}],"author":[{"embeddable":true,"href":"https:\/\/simu.dk\/index.php\/wp-json\/wp\/v2\/users\/123458"}],"replies":[{"embeddable":true,"href":"https:\/\/simu.dk\/index.php\/wp-json\/wp\/v2\/comments?post=217"}],"version-history":[{"count":85,"href":"https:\/\/simu.dk\/index.php\/wp-json\/wp\/v2\/pages\/217\/revisions"}],"predecessor-version":[{"id":6432,"href":"https:\/\/simu.dk\/index.php\/wp-json\/wp\/v2\/pages\/217\/revisions\/6432"}],"wp:attachment":[{"href":"https:\/\/simu.dk\/index.php\/wp-json\/wp\/v2\/media?parent=217"}],"curies":[{"name":"wp","href":"https:\/\/api.w.org\/{rel}","templated":true}]}}